{"id":11,"date":"2025-01-11T07:28:42","date_gmt":"2025-01-11T06:28:42","guid":{"rendered":"https:\/\/vytahymihok.sk\/?page_id=11"},"modified":"2025-01-11T07:28:43","modified_gmt":"2025-01-11T06:28:43","slug":"nase-sluzby","status":"publish","type":"page","link":"https:\/\/vytahymihok.sk\/?page_id=11","title":{"rendered":"Na\u0161e slu\u017eby"},"content":{"rendered":"\n<p>Servis v\u00fd\u0165ahov.<br>Mont\u00e1\u017e nov\u00fdch v\u00fd\u0165ahov.<br>Rekon\u0161trukcie a moderniz\u00e1cie star\u0161\u00edch v\u00fd\u0165ahov.<\/p>\n\n\n\n<p><\/p>\n","protected":false},"excerpt":{"rendered":"<p>Servis v\u00fd\u0165ahov.Mont\u00e1\u017e nov\u00fdch v\u00fd\u0165ahov.Rekon\u0161trukcie a moderniz\u00e1cie star\u0161\u00edch v\u00fd\u0165ahov.<\/p>\n","protected":false},"author":1,"featured_media":0,"parent":0,"menu_order":0,"comment_status":"closed","ping_status":"closed","template":"","meta":{"_monsterinsights_skip_tracking":false,"_monsterinsights_sitenote_active":false,"_monsterinsights_sitenote_note":"","_monsterinsights_sitenote_category":0,"footnotes":""},"class_list":["post-11","page","type-page","status-publish","hentry","entry"],"yoast_head":"<!-- This site is optimized with the Yoast SEO plugin v24.0 - https:\/\/yoast.com\/wordpress\/plugins\/seo\/ -->\n<title>Na\u0161e slu\u017eby - vytahymihok.sk<\/title>\n<meta name=\"robots\" content=\"index, follow, max-snippet:-1, max-image-preview:large, max-video-preview:-1\" \/>\n<link rel=\"canonical\" href=\"https:\/\/vytahymihok.sk\/?page_id=11\" \/>\n<meta property=\"og:locale\" content=\"sk_SK\" \/>\n<meta property=\"og:type\" content=\"article\" \/>\n<meta property=\"og:title\" content=\"Na\u0161e slu\u017eby - vytahymihok.sk\" \/>\n<meta property=\"og:description\" content=\"Servis v\u00fd\u0165ahov.Mont\u00e1\u017e nov\u00fdch v\u00fd\u0165ahov.Rekon\u0161trukcie a moderniz\u00e1cie star\u0161\u00edch v\u00fd\u0165ahov.\" \/>\n<meta property=\"og:url\" content=\"https:\/\/vytahymihok.sk\/?page_id=11\" \/>\n<meta property=\"og:site_name\" content=\"vytahymihok.sk\" \/>\n<meta property=\"article:modified_time\" content=\"2025-01-11T06:28:43+00:00\" \/>\n<meta name=\"twitter:card\" content=\"summary_large_image\" \/>\n<meta name=\"twitter:label1\" content=\"Predpokladan\u00fd \u010das \u010d\u00edtania\" \/>\n\t<meta name=\"twitter:data1\" content=\"1 min\u00fata\" \/>\n<script type=\"application\/ld+json\" class=\"yoast-schema-graph\">{\"@context\":\"https:\/\/schema.org\",\"@graph\":[{\"@type\":\"WebPage\",\"@id\":\"https:\/\/vytahymihok.sk\/?page_id=11\",\"url\":\"https:\/\/vytahymihok.sk\/?page_id=11\",\"name\":\"Na\u0161e slu\u017eby - vytahymihok.sk\",\"isPartOf\":{\"@id\":\"https:\/\/vytahymihok.sk\/#website\"},\"datePublished\":\"2025-01-11T06:28:42+00:00\",\"dateModified\":\"2025-01-11T06:28:43+00:00\",\"breadcrumb\":{\"@id\":\"https:\/\/vytahymihok.sk\/?page_id=11#breadcrumb\"},\"inLanguage\":\"sk-SK\",\"potentialAction\":[{\"@type\":\"ReadAction\",\"target\":[\"https:\/\/vytahymihok.sk\/?page_id=11\"]}]},{\"@type\":\"BreadcrumbList\",\"@id\":\"https:\/\/vytahymihok.sk\/?page_id=11#breadcrumb\",\"itemListElement\":[{\"@type\":\"ListItem\",\"position\":1,\"name\":\"Home\",\"item\":\"https:\/\/vytahymihok.sk\/\"},{\"@type\":\"ListItem\",\"position\":2,\"name\":\"Na\u0161e slu\u017eby\"}]},{\"@type\":\"WebSite\",\"@id\":\"https:\/\/vytahymihok.sk\/#website\",\"url\":\"https:\/\/vytahymihok.sk\/\",\"name\":\"vytahymihok.sk\",\"description\":\"\",\"potentialAction\":[{\"@type\":\"SearchAction\",\"target\":{\"@type\":\"EntryPoint\",\"urlTemplate\":\"https:\/\/vytahymihok.sk\/?s={search_term_string}\"},\"query-input\":{\"@type\":\"PropertyValueSpecification\",\"valueRequired\":true,\"valueName\":\"search_term_string\"}}],\"inLanguage\":\"sk-SK\"}]}<\/script>\n<!-- \/ Yoast SEO plugin. -->","yoast_head_json":{"title":"Na\u0161e slu\u017eby - vytahymihok.sk","robots":{"index":"index","follow":"follow","max-snippet":"max-snippet:-1","max-image-preview":"max-image-preview:large","max-video-preview":"max-video-preview:-1"},"canonical":"https:\/\/vytahymihok.sk\/?page_id=11","og_locale":"sk_SK","og_type":"article","og_title":"Na\u0161e slu\u017eby - vytahymihok.sk","og_description":"Servis v\u00fd\u0165ahov.Mont\u00e1\u017e nov\u00fdch v\u00fd\u0165ahov.Rekon\u0161trukcie a moderniz\u00e1cie star\u0161\u00edch v\u00fd\u0165ahov.","og_url":"https:\/\/vytahymihok.sk\/?page_id=11","og_site_name":"vytahymihok.sk","article_modified_time":"2025-01-11T06:28:43+00:00","twitter_card":"summary_large_image","twitter_misc":{"Predpokladan\u00fd \u010das \u010d\u00edtania":"1 min\u00fata"},"schema":{"@context":"https:\/\/schema.org","@graph":[{"@type":"WebPage","@id":"https:\/\/vytahymihok.sk\/?page_id=11","url":"https:\/\/vytahymihok.sk\/?page_id=11","name":"Na\u0161e slu\u017eby - vytahymihok.sk","isPartOf":{"@id":"https:\/\/vytahymihok.sk\/#website"},"datePublished":"2025-01-11T06:28:42+00:00","dateModified":"2025-01-11T06:28:43+00:00","breadcrumb":{"@id":"https:\/\/vytahymihok.sk\/?page_id=11#breadcrumb"},"inLanguage":"sk-SK","potentialAction":[{"@type":"ReadAction","target":["https:\/\/vytahymihok.sk\/?page_id=11"]}]},{"@type":"BreadcrumbList","@id":"https:\/\/vytahymihok.sk\/?page_id=11#breadcrumb","itemListElement":[{"@type":"ListItem","position":1,"name":"Home","item":"https:\/\/vytahymihok.sk\/"},{"@type":"ListItem","position":2,"name":"Na\u0161e slu\u017eby"}]},{"@type":"WebSite","@id":"https:\/\/vytahymihok.sk\/#website","url":"https:\/\/vytahymihok.sk\/","name":"vytahymihok.sk","description":"","potentialAction":[{"@type":"SearchAction","target":{"@type":"EntryPoint","urlTemplate":"https:\/\/vytahymihok.sk\/?s={search_term_string}"},"query-input":{"@type":"PropertyValueSpecification","valueRequired":true,"valueName":"search_term_string"}}],"inLanguage":"sk-SK"}]}},"_links":{"self":[{"href":"https:\/\/vytahymihok.sk\/index.php?rest_route=\/wp\/v2\/pages\/11","targetHints":{"allow":["GET"]}}],"collection":[{"href":"https:\/\/vytahymihok.sk\/index.php?rest_route=\/wp\/v2\/pages"}],"about":[{"href":"https:\/\/vytahymihok.sk\/index.php?rest_route=\/wp\/v2\/types\/page"}],"author":[{"embeddable":true,"href":"https:\/\/vytahymihok.sk\/index.php?rest_route=\/wp\/v2\/users\/1"}],"replies":[{"embeddable":true,"href":"https:\/\/vytahymihok.sk\/index.php?rest_route=%2Fwp%2Fv2%2Fcomments&post=11"}],"version-history":[{"count":1,"href":"https:\/\/vytahymihok.sk\/index.php?rest_route=\/wp\/v2\/pages\/11\/revisions"}],"predecessor-version":[{"id":12,"href":"https:\/\/vytahymihok.sk\/index.php?rest_route=\/wp\/v2\/pages\/11\/revisions\/12"}],"wp:attachment":[{"href":"https:\/\/vytahymihok.sk\/index.php?rest_route=%2Fwp%2Fv2%2Fmedia&parent=11"}],"curies":[{"name":"wp","href":"https:\/\/api.w.org\/{rel}","templated":true}]}}