{"id":2,"date":"2024-12-14T22:58:42","date_gmt":"2024-12-14T21:58:42","guid":{"rendered":"https:\/\/vytahymihok.sk\/?page_id=2"},"modified":"2025-12-07T19:54:51","modified_gmt":"2025-12-07T18:54:51","slug":"ukazkova-stranka","status":"publish","type":"page","link":"https:\/\/vytahymihok.sk\/","title":{"rendered":"Kontakt"},"content":{"rendered":"\n<p class=\"has-text-align-center\"><strong>V\u00dd\u0164AHY MIHOK s.r.o.<\/strong><br>Ko\u0161ick\u00e1 Bel\u00e1 279, 044 65 Ko\u0161ick\u00e1 Bel\u00e1<br>I\u010cO: 57050724<br>DI\u010c: 2122550804<br>\u010c\u00edslo \u00fa\u010dtu : SK48 8330 0000 0027 0326 9240<br>Zap. v obch. reg. Mestk\u00fd s\u00fad Ko\u0161ice, oddiel: Sro, vlo\u017eka \u010d. 62803\/V<\/p>\n\n\n\n<p class=\"has-text-align-center\">email: <a href=\"mailto:info@vytahymihok.sk\">info@vytahymihok.sk<\/a><\/p>\n\n\n\n<p class=\"has-text-align-center\">tel: <a href=\"tel:+421 911 752 555\">+421 911 752 555<\/a><\/p>\n\n\n\n<p class=\"has-text-align-center\">Komplexn\u00fd servis, mont\u00e1\u017e a rekon\u0161trukcie v\u00fd\u0165ahov.<\/p>\n\n\n\n<p><\/p>\n","protected":false},"excerpt":{"rendered":"<p>V\u00dd\u0164AHY MIHOK s.r.o.Ko\u0161ick\u00e1 Bel\u00e1 279, 044 65 Ko\u0161ick\u00e1 Bel\u00e1I\u010cO: 57050724DI\u010c: 2122550804\u010c\u00edslo \u00fa\u010dtu : SK48 8330 0000 0027 0326 9240Zap. v obch. reg. Mestk\u00fd s\u00fad Ko\u0161ice,&#8230;<\/p>\n<div class=\"more-link-wrapper\"><a class=\"more-link\" href=\"https:\/\/vytahymihok.sk\/\">Continue Reading<span class=\"screen-reader-text\">Kontakt<\/span><\/a><\/div>\n","protected":false},"author":1,"featured_media":0,"parent":0,"menu_order":0,"comment_status":"closed","ping_status":"open","template":"","meta":{"_monsterinsights_skip_tracking":false,"_monsterinsights_sitenote_active":false,"_monsterinsights_sitenote_note":"","_monsterinsights_sitenote_category":0,"footnotes":""},"class_list":["post-2","page","type-page","status-publish","hentry","entry"],"yoast_head":"<!-- This site is optimized with the Yoast SEO plugin v24.0 - https:\/\/yoast.com\/wordpress\/plugins\/seo\/ -->\n<title>Kontakt - vytahymihok.sk<\/title>\n<meta name=\"robots\" content=\"index, follow, max-snippet:-1, max-image-preview:large, max-video-preview:-1\" \/>\n<link rel=\"canonical\" href=\"https:\/\/vytahymihok.sk\/\" \/>\n<meta property=\"og:locale\" content=\"sk_SK\" \/>\n<meta property=\"og:type\" content=\"article\" \/>\n<meta property=\"og:title\" content=\"Kontakt - vytahymihok.sk\" \/>\n<meta property=\"og:description\" content=\"V\u00dd\u0164AHY MIHOK s.r.o.Ko\u0161ick\u00e1 Bel\u00e1 279, 044 65 Ko\u0161ick\u00e1 Bel\u00e1I\u010cO: 57050724DI\u010c: 2122550804\u010c\u00edslo \u00fa\u010dtu : SK48 8330 0000 0027 0326 9240Zap. v obch. reg. Mestk\u00fd s\u00fad Ko\u0161ice,&#8230;\" \/>\n<meta property=\"og:url\" content=\"https:\/\/vytahymihok.sk\/\" \/>\n<meta property=\"og:site_name\" content=\"vytahymihok.sk\" \/>\n<meta property=\"article:modified_time\" content=\"2025-12-07T18:54:51+00:00\" \/>\n<meta name=\"twitter:card\" content=\"summary_large_image\" \/>\n<meta name=\"twitter:label1\" content=\"Predpokladan\u00fd \u010das \u010d\u00edtania\" \/>\n\t<meta name=\"twitter:data1\" content=\"1 min\u00fata\" \/>\n<script type=\"application\/ld+json\" class=\"yoast-schema-graph\">{\"@context\":\"https:\/\/schema.org\",\"@graph\":[{\"@type\":\"WebPage\",\"@id\":\"https:\/\/vytahymihok.sk\/\",\"url\":\"https:\/\/vytahymihok.sk\/\",\"name\":\"Kontakt - vytahymihok.sk\",\"isPartOf\":{\"@id\":\"https:\/\/vytahymihok.sk\/#website\"},\"datePublished\":\"2024-12-14T21:58:42+00:00\",\"dateModified\":\"2025-12-07T18:54:51+00:00\",\"breadcrumb\":{\"@id\":\"https:\/\/vytahymihok.sk\/#breadcrumb\"},\"inLanguage\":\"sk-SK\",\"potentialAction\":[{\"@type\":\"ReadAction\",\"target\":[\"https:\/\/vytahymihok.sk\/\"]}]},{\"@type\":\"BreadcrumbList\",\"@id\":\"https:\/\/vytahymihok.sk\/#breadcrumb\",\"itemListElement\":[{\"@type\":\"ListItem\",\"position\":1,\"name\":\"Home\",\"item\":\"https:\/\/vytahymihok.sk\/\"},{\"@type\":\"ListItem\",\"position\":2,\"name\":\"Kontakt\"}]},{\"@type\":\"WebSite\",\"@id\":\"https:\/\/vytahymihok.sk\/#website\",\"url\":\"https:\/\/vytahymihok.sk\/\",\"name\":\"vytahymihok.sk\",\"description\":\"\",\"potentialAction\":[{\"@type\":\"SearchAction\",\"target\":{\"@type\":\"EntryPoint\",\"urlTemplate\":\"https:\/\/vytahymihok.sk\/?s={search_term_string}\"},\"query-input\":{\"@type\":\"PropertyValueSpecification\",\"valueRequired\":true,\"valueName\":\"search_term_string\"}}],\"inLanguage\":\"sk-SK\"}]}<\/script>\n<!-- \/ Yoast SEO plugin. -->","yoast_head_json":{"title":"Kontakt - vytahymihok.sk","robots":{"index":"index","follow":"follow","max-snippet":"max-snippet:-1","max-image-preview":"max-image-preview:large","max-video-preview":"max-video-preview:-1"},"canonical":"https:\/\/vytahymihok.sk\/","og_locale":"sk_SK","og_type":"article","og_title":"Kontakt - vytahymihok.sk","og_description":"V\u00dd\u0164AHY MIHOK s.r.o.Ko\u0161ick\u00e1 Bel\u00e1 279, 044 65 Ko\u0161ick\u00e1 Bel\u00e1I\u010cO: 57050724DI\u010c: 2122550804\u010c\u00edslo \u00fa\u010dtu : SK48 8330 0000 0027 0326 9240Zap. v obch. reg. Mestk\u00fd s\u00fad Ko\u0161ice,&#8230;","og_url":"https:\/\/vytahymihok.sk\/","og_site_name":"vytahymihok.sk","article_modified_time":"2025-12-07T18:54:51+00:00","twitter_card":"summary_large_image","twitter_misc":{"Predpokladan\u00fd \u010das \u010d\u00edtania":"1 min\u00fata"},"schema":{"@context":"https:\/\/schema.org","@graph":[{"@type":"WebPage","@id":"https:\/\/vytahymihok.sk\/","url":"https:\/\/vytahymihok.sk\/","name":"Kontakt - vytahymihok.sk","isPartOf":{"@id":"https:\/\/vytahymihok.sk\/#website"},"datePublished":"2024-12-14T21:58:42+00:00","dateModified":"2025-12-07T18:54:51+00:00","breadcrumb":{"@id":"https:\/\/vytahymihok.sk\/#breadcrumb"},"inLanguage":"sk-SK","potentialAction":[{"@type":"ReadAction","target":["https:\/\/vytahymihok.sk\/"]}]},{"@type":"BreadcrumbList","@id":"https:\/\/vytahymihok.sk\/#breadcrumb","itemListElement":[{"@type":"ListItem","position":1,"name":"Home","item":"https:\/\/vytahymihok.sk\/"},{"@type":"ListItem","position":2,"name":"Kontakt"}]},{"@type":"WebSite","@id":"https:\/\/vytahymihok.sk\/#website","url":"https:\/\/vytahymihok.sk\/","name":"vytahymihok.sk","description":"","potentialAction":[{"@type":"SearchAction","target":{"@type":"EntryPoint","urlTemplate":"https:\/\/vytahymihok.sk\/?s={search_term_string}"},"query-input":{"@type":"PropertyValueSpecification","valueRequired":true,"valueName":"search_term_string"}}],"inLanguage":"sk-SK"}]}},"_links":{"self":[{"href":"https:\/\/vytahymihok.sk\/index.php?rest_route=\/wp\/v2\/pages\/2","targetHints":{"allow":["GET"]}}],"collection":[{"href":"https:\/\/vytahymihok.sk\/index.php?rest_route=\/wp\/v2\/pages"}],"about":[{"href":"https:\/\/vytahymihok.sk\/index.php?rest_route=\/wp\/v2\/types\/page"}],"author":[{"embeddable":true,"href":"https:\/\/vytahymihok.sk\/index.php?rest_route=\/wp\/v2\/users\/1"}],"replies":[{"embeddable":true,"href":"https:\/\/vytahymihok.sk\/index.php?rest_route=%2Fwp%2Fv2%2Fcomments&post=2"}],"version-history":[{"count":3,"href":"https:\/\/vytahymihok.sk\/index.php?rest_route=\/wp\/v2\/pages\/2\/revisions"}],"predecessor-version":[{"id":25,"href":"https:\/\/vytahymihok.sk\/index.php?rest_route=\/wp\/v2\/pages\/2\/revisions\/25"}],"wp:attachment":[{"href":"https:\/\/vytahymihok.sk\/index.php?rest_route=%2Fwp%2Fv2%2Fmedia&parent=2"}],"curies":[{"name":"wp","href":"https:\/\/api.w.org\/{rel}","templated":true}]}}