{"id":9,"date":"2025-01-11T07:27:20","date_gmt":"2025-01-11T06:27:20","guid":{"rendered":"https:\/\/vytahymihok.sk\/?page_id=9"},"modified":"2025-01-11T07:29:55","modified_gmt":"2025-01-11T06:29:55","slug":"o-nas","status":"publish","type":"page","link":"https:\/\/vytahymihok.sk\/?page_id=9","title":{"rendered":"O n\u00e1s"},"content":{"rendered":"\n<p>Sme odborn\u00edci s dlhoro\u010dnou sk\u00fasenos\u0165ou v oblasti v\u00fd\u0165ahov. Zdenko Mihok a jeho t\u00edm pon\u00fakaj\u00fa spo\u013eahliv\u00e9 rie\u0161enia v oblasti mont\u00e1\u017ee, servisu a rekon\u0161trukcie v\u00fd\u0165ahov pre dom\u00e1cnosti, bytov\u00e9 domy a firmy.<\/p>\n\n\n\n<p><strong>Pre\u010do si vybra\u0165 n\u00e1s?<\/strong><\/p>\n\n\n\n<p>20+ rokov sk\u00fasenost\u00ed.<br>Certifikovan\u00e9 a bezpe\u010dn\u00e9 postupy.<br>Individu\u00e1lny pr\u00edstup ku ka\u017ed\u00e9mu klientovi.<br>R\u00fdchle a efekt\u00edvne rie\u0161enia.<\/p>\n","protected":false},"excerpt":{"rendered":"<p>Sme odborn\u00edci s dlhoro\u010dnou sk\u00fasenos\u0165ou v oblasti v\u00fd\u0165ahov. Zdenko Mihok a jeho t\u00edm pon\u00fakaj\u00fa spo\u013eahliv\u00e9 rie\u0161enia v oblasti mont\u00e1\u017ee, servisu a rekon\u0161trukcie v\u00fd\u0165ahov pre dom\u00e1cnosti,&#8230;<\/p>\n<div class=\"more-link-wrapper\"><a class=\"more-link\" href=\"https:\/\/vytahymihok.sk\/?page_id=9\">Continue Reading<span class=\"screen-reader-text\">O n\u00e1s<\/span><\/a><\/div>\n","protected":false},"author":1,"featured_media":0,"parent":0,"menu_order":0,"comment_status":"closed","ping_status":"closed","template":"","meta":{"_monsterinsights_skip_tracking":false,"_monsterinsights_sitenote_active":false,"_monsterinsights_sitenote_note":"","_monsterinsights_sitenote_category":0,"footnotes":""},"class_list":["post-9","page","type-page","status-publish","hentry","entry"],"yoast_head":"<!-- This site is optimized with the Yoast SEO plugin v24.0 - https:\/\/yoast.com\/wordpress\/plugins\/seo\/ -->\n<title>O n\u00e1s - vytahymihok.sk<\/title>\n<meta name=\"robots\" content=\"index, follow, max-snippet:-1, max-image-preview:large, max-video-preview:-1\" \/>\n<link rel=\"canonical\" href=\"https:\/\/vytahymihok.sk\/?page_id=9\" \/>\n<meta property=\"og:locale\" content=\"sk_SK\" \/>\n<meta property=\"og:type\" content=\"article\" \/>\n<meta property=\"og:title\" content=\"O n\u00e1s - vytahymihok.sk\" \/>\n<meta property=\"og:description\" content=\"Sme odborn\u00edci s dlhoro\u010dnou sk\u00fasenos\u0165ou v oblasti v\u00fd\u0165ahov. Zdenko Mihok a jeho t\u00edm pon\u00fakaj\u00fa spo\u013eahliv\u00e9 rie\u0161enia v oblasti mont\u00e1\u017ee, servisu a rekon\u0161trukcie v\u00fd\u0165ahov pre dom\u00e1cnosti,&#8230;\" \/>\n<meta property=\"og:url\" content=\"https:\/\/vytahymihok.sk\/?page_id=9\" \/>\n<meta property=\"og:site_name\" content=\"vytahymihok.sk\" \/>\n<meta property=\"article:modified_time\" content=\"2025-01-11T06:29:55+00:00\" \/>\n<meta name=\"twitter:card\" content=\"summary_large_image\" \/>\n<meta name=\"twitter:label1\" content=\"Predpokladan\u00fd \u010das \u010d\u00edtania\" \/>\n\t<meta name=\"twitter:data1\" content=\"1 min\u00fata\" \/>\n<script type=\"application\/ld+json\" class=\"yoast-schema-graph\">{\"@context\":\"https:\/\/schema.org\",\"@graph\":[{\"@type\":\"WebPage\",\"@id\":\"https:\/\/vytahymihok.sk\/?page_id=9\",\"url\":\"https:\/\/vytahymihok.sk\/?page_id=9\",\"name\":\"O n\u00e1s - vytahymihok.sk\",\"isPartOf\":{\"@id\":\"https:\/\/vytahymihok.sk\/#website\"},\"datePublished\":\"2025-01-11T06:27:20+00:00\",\"dateModified\":\"2025-01-11T06:29:55+00:00\",\"breadcrumb\":{\"@id\":\"https:\/\/vytahymihok.sk\/?page_id=9#breadcrumb\"},\"inLanguage\":\"sk-SK\",\"potentialAction\":[{\"@type\":\"ReadAction\",\"target\":[\"https:\/\/vytahymihok.sk\/?page_id=9\"]}]},{\"@type\":\"BreadcrumbList\",\"@id\":\"https:\/\/vytahymihok.sk\/?page_id=9#breadcrumb\",\"itemListElement\":[{\"@type\":\"ListItem\",\"position\":1,\"name\":\"Home\",\"item\":\"https:\/\/vytahymihok.sk\/\"},{\"@type\":\"ListItem\",\"position\":2,\"name\":\"O n\u00e1s\"}]},{\"@type\":\"WebSite\",\"@id\":\"https:\/\/vytahymihok.sk\/#website\",\"url\":\"https:\/\/vytahymihok.sk\/\",\"name\":\"vytahymihok.sk\",\"description\":\"\",\"potentialAction\":[{\"@type\":\"SearchAction\",\"target\":{\"@type\":\"EntryPoint\",\"urlTemplate\":\"https:\/\/vytahymihok.sk\/?s={search_term_string}\"},\"query-input\":{\"@type\":\"PropertyValueSpecification\",\"valueRequired\":true,\"valueName\":\"search_term_string\"}}],\"inLanguage\":\"sk-SK\"}]}<\/script>\n<!-- \/ Yoast SEO plugin. -->","yoast_head_json":{"title":"O n\u00e1s - vytahymihok.sk","robots":{"index":"index","follow":"follow","max-snippet":"max-snippet:-1","max-image-preview":"max-image-preview:large","max-video-preview":"max-video-preview:-1"},"canonical":"https:\/\/vytahymihok.sk\/?page_id=9","og_locale":"sk_SK","og_type":"article","og_title":"O n\u00e1s - vytahymihok.sk","og_description":"Sme odborn\u00edci s dlhoro\u010dnou sk\u00fasenos\u0165ou v oblasti v\u00fd\u0165ahov. Zdenko Mihok a jeho t\u00edm pon\u00fakaj\u00fa spo\u013eahliv\u00e9 rie\u0161enia v oblasti mont\u00e1\u017ee, servisu a rekon\u0161trukcie v\u00fd\u0165ahov pre dom\u00e1cnosti,&#8230;","og_url":"https:\/\/vytahymihok.sk\/?page_id=9","og_site_name":"vytahymihok.sk","article_modified_time":"2025-01-11T06:29:55+00:00","twitter_card":"summary_large_image","twitter_misc":{"Predpokladan\u00fd \u010das \u010d\u00edtania":"1 min\u00fata"},"schema":{"@context":"https:\/\/schema.org","@graph":[{"@type":"WebPage","@id":"https:\/\/vytahymihok.sk\/?page_id=9","url":"https:\/\/vytahymihok.sk\/?page_id=9","name":"O n\u00e1s - vytahymihok.sk","isPartOf":{"@id":"https:\/\/vytahymihok.sk\/#website"},"datePublished":"2025-01-11T06:27:20+00:00","dateModified":"2025-01-11T06:29:55+00:00","breadcrumb":{"@id":"https:\/\/vytahymihok.sk\/?page_id=9#breadcrumb"},"inLanguage":"sk-SK","potentialAction":[{"@type":"ReadAction","target":["https:\/\/vytahymihok.sk\/?page_id=9"]}]},{"@type":"BreadcrumbList","@id":"https:\/\/vytahymihok.sk\/?page_id=9#breadcrumb","itemListElement":[{"@type":"ListItem","position":1,"name":"Home","item":"https:\/\/vytahymihok.sk\/"},{"@type":"ListItem","position":2,"name":"O n\u00e1s"}]},{"@type":"WebSite","@id":"https:\/\/vytahymihok.sk\/#website","url":"https:\/\/vytahymihok.sk\/","name":"vytahymihok.sk","description":"","potentialAction":[{"@type":"SearchAction","target":{"@type":"EntryPoint","urlTemplate":"https:\/\/vytahymihok.sk\/?s={search_term_string}"},"query-input":{"@type":"PropertyValueSpecification","valueRequired":true,"valueName":"search_term_string"}}],"inLanguage":"sk-SK"}]}},"_links":{"self":[{"href":"https:\/\/vytahymihok.sk\/index.php?rest_route=\/wp\/v2\/pages\/9","targetHints":{"allow":["GET"]}}],"collection":[{"href":"https:\/\/vytahymihok.sk\/index.php?rest_route=\/wp\/v2\/pages"}],"about":[{"href":"https:\/\/vytahymihok.sk\/index.php?rest_route=\/wp\/v2\/types\/page"}],"author":[{"embeddable":true,"href":"https:\/\/vytahymihok.sk\/index.php?rest_route=\/wp\/v2\/users\/1"}],"replies":[{"embeddable":true,"href":"https:\/\/vytahymihok.sk\/index.php?rest_route=%2Fwp%2Fv2%2Fcomments&post=9"}],"version-history":[{"count":2,"href":"https:\/\/vytahymihok.sk\/index.php?rest_route=\/wp\/v2\/pages\/9\/revisions"}],"predecessor-version":[{"id":13,"href":"https:\/\/vytahymihok.sk\/index.php?rest_route=\/wp\/v2\/pages\/9\/revisions\/13"}],"wp:attachment":[{"href":"https:\/\/vytahymihok.sk\/index.php?rest_route=%2Fwp%2Fv2%2Fmedia&parent=9"}],"curies":[{"name":"wp","href":"https:\/\/api.w.org\/{rel}","templated":true}]}}